{"id":145,"date":"2018-09-26T15:36:55","date_gmt":"2018-09-26T13:36:55","guid":{"rendered":"http:\/\/belladogs.de\/wordpress\/?page_id=145"},"modified":"2023-04-17T09:32:42","modified_gmt":"2023-04-17T07:32:42","slug":"terminanfrage","status":"publish","type":"page","link":"https:\/\/belladogs.de\/wordpress\/terminanfrage\/","title":{"rendered":"Terminanfrage"},"content":{"rendered":"\t\t<div data-elementor-type=\"post\" data-elementor-id=\"145\" class=\"elementor elementor-145\" data-elementor-settings=\"[]\">\n\t\t\t<div class=\"elementor-inner\">\n\t\t\t\t<div class=\"elementor-section-wrap\">\n\t\t\t\t\t\t\t<section data-id=\"5f98a8e\" class=\"elementor-element elementor-element-5f98a8e elementor-section-boxed elementor-section-height-default elementor-section-height-default elementor-section elementor-top-section\" data-element_type=\"section\">\n\t\t\t\t\t\t<div class=\"elementor-container elementor-column-gap-default\">\n\t\t\t\t<div class=\"elementor-row\">\n\t\t\t\t<div data-id=\"628987e\" class=\"elementor-element elementor-element-628987e elementor-column elementor-col-100 elementor-top-column\" data-element_type=\"column\">\n\t\t\t<div class=\"elementor-column-wrap  elementor-element-populated\">\n\t\t\t\t\t<div class=\"elementor-widget-wrap\">\n\t\t\t\t<div data-id=\"b5fb259\" class=\"elementor-element elementor-element-b5fb259 elementor-widget elementor-widget-text-editor\" data-element_type=\"text-editor.default\">\n\t\t\t\t<div class=\"elementor-widget-container\">\n\t\t\t\t\t<div class=\"elementor-text-editor elementor-clearfix\"><p><span style=\"color: black;\">Jedem Hund soll w\u00e4hrend der Behandlung volle Aufmerksamkeit gewidmet werden. Bitte haben Sie deshalb Verst\u00e4ndnis daf\u00fcr, dass Terminabsprachen <b>nur telefonisch<\/b> m\u00f6glich sind. Absprachen vor Ort st\u00f6ren die Konzentration des Hundes und den Ablauf im Salon.\u00a0<\/span><\/p><p><span style=\"color: black;\">Sollten Sie einmal einen Termin nicht wahrnehmen k\u00f6nnen, sagen Sie bitte wenigstens 24 Stunden vorher ab. Werden Termine nicht wahrgenommen ohne vorherige Absage erfolgt eine Rechnungsstellung in H\u00f6he der Grundbehandlung.<\/span><\/p><\/div>\n\t\t\t\t<\/div>\n\t\t\t\t<\/div>\n\t\t\t\t\t\t<\/div>\n\t\t\t<\/div>\n\t\t<\/div>\n\t\t\t\t\t\t<\/div>\n\t\t\t<\/div>\n\t\t<\/section>\n\t\t\t\t<section data-id=\"328a93b\" class=\"elementor-element elementor-element-328a93b elementor-section-boxed elementor-section-height-default elementor-section-height-default elementor-section elementor-top-section\" data-element_type=\"section\">\n\t\t\t\t\t\t<div class=\"elementor-container elementor-column-gap-default\">\n\t\t\t\t<div class=\"elementor-row\">\n\t\t\t\t<div data-id=\"bf6c4f9\" class=\"elementor-element elementor-element-bf6c4f9 elementor-column elementor-col-100 elementor-top-column\" data-element_type=\"column\">\n\t\t\t<div class=\"elementor-column-wrap  elementor-element-populated\">\n\t\t\t\t\t<div class=\"elementor-widget-wrap\">\n\t\t\t\t<div data-id=\"b62ad88\" class=\"elementor-element elementor-element-b62ad88 bd-contactBox-wrapper elementor-widget elementor-widget-text-editor\" data-element_type=\"text-editor.default\">\n\t\t\t\t<div class=\"elementor-widget-container\">\n\t\t\t\t\t<div class=\"elementor-text-editor elementor-clearfix\"><div class=\"bd-contactBox\"><p style=\"text-align: center;\">Termine werden ausschlie\u00dflich telefonisch vereinbart:<a style=\"background-color: #ffffff;\" href=\"tel:+4938203906353\"><i class=\"fa fa-phone\" aria-hidden=\"true\"><\/i>0381 25266990<\/a><\/p><\/div><\/div>\n\t\t\t\t<\/div>\n\t\t\t\t<\/div>\n\t\t\t\t\t\t<\/div>\n\t\t\t<\/div>\n\t\t<\/div>\n\t\t\t\t\t\t<\/div>\n\t\t\t<\/div>\n\t\t<\/section>\n\t\t\t\t\t\t<\/div>\n\t\t\t<\/div>\n\t\t<\/div>\n\t\t","protected":false},"excerpt":{"rendered":"<p>Jedem Hund soll w\u00e4hrend der Behandlung volle Aufmerksamkeit gewidmet werden. Bitte haben Sie deshalb Verst\u00e4ndnis daf\u00fcr, dass Terminabsprachen nur telefonisch m\u00f6glich sind. Absprachen vor Ort st\u00f6ren die Konzentration des Hundes und den Ablauf im Salon.\u00a0 Sollten Sie einmal einen Termin nicht wahrnehmen k\u00f6nnen, sagen Sie bitte wenigstens 24 Stunden vorher ab. Werden Termine nicht wahrgenommen &hellip; <\/p>\n<p class=\"link-more\"><a href=\"https:\/\/belladogs.de\/wordpress\/terminanfrage\/\" class=\"more-link\"><span class=\"screen-reader-text\">\u201eTerminanfrage\u201c<\/span> weiterlesen<\/a><\/p>\n","protected":false},"author":2,"featured_media":0,"parent":0,"menu_order":5,"comment_status":"closed","ping_status":"closed","template":"","meta":[],"_links":{"self":[{"href":"https:\/\/belladogs.de\/wordpress\/wp-json\/wp\/v2\/pages\/145"}],"collection":[{"href":"https:\/\/belladogs.de\/wordpress\/wp-json\/wp\/v2\/pages"}],"about":[{"href":"https:\/\/belladogs.de\/wordpress\/wp-json\/wp\/v2\/types\/page"}],"author":[{"embeddable":true,"href":"https:\/\/belladogs.de\/wordpress\/wp-json\/wp\/v2\/users\/2"}],"replies":[{"embeddable":true,"href":"https:\/\/belladogs.de\/wordpress\/wp-json\/wp\/v2\/comments?post=145"}],"version-history":[{"count":12,"href":"https:\/\/belladogs.de\/wordpress\/wp-json\/wp\/v2\/pages\/145\/revisions"}],"predecessor-version":[{"id":397,"href":"https:\/\/belladogs.de\/wordpress\/wp-json\/wp\/v2\/pages\/145\/revisions\/397"}],"wp:attachment":[{"href":"https:\/\/belladogs.de\/wordpress\/wp-json\/wp\/v2\/media?parent=145"}],"curies":[{"name":"wp","href":"https:\/\/api.w.org\/{rel}","templated":true}]}}