{"id":18,"date":"2018-08-21T12:23:27","date_gmt":"2018-08-21T10:23:27","guid":{"rendered":"http:\/\/belladogs.de\/wordpress\/?page_id=18"},"modified":"2026-04-08T12:38:24","modified_gmt":"2026-04-08T10:38:24","slug":"inhaberin","status":"publish","type":"page","link":"https:\/\/belladogs.de\/wordpress\/inhaberin\/","title":{"rendered":"Inhaberin"},"content":{"rendered":"\t\t<div data-elementor-type=\"post\" data-elementor-id=\"18\" class=\"elementor elementor-18\" data-elementor-settings=\"[]\">\n\t\t\t<div class=\"elementor-inner\">\n\t\t\t\t<div class=\"elementor-section-wrap\">\n\t\t\t\t\t\t\t<section data-id=\"cab7490\" class=\"elementor-element elementor-element-cab7490 elementor-section-boxed elementor-section-height-default elementor-section-height-default elementor-section elementor-top-section\" data-element_type=\"section\">\n\t\t\t\t\t\t<div class=\"elementor-container elementor-column-gap-default\">\n\t\t\t\t<div class=\"elementor-row\">\n\t\t\t\t<div data-id=\"f1cc103\" class=\"elementor-element elementor-element-f1cc103 elementor-column elementor-col-100 elementor-top-column\" data-element_type=\"column\">\n\t\t\t<div class=\"elementor-column-wrap  elementor-element-populated\">\n\t\t\t\t\t<div class=\"elementor-widget-wrap\">\n\t\t\t\t<div data-id=\"264274c\" class=\"elementor-element elementor-element-264274c elementor-widget elementor-widget-heading\" data-element_type=\"heading.default\">\n\t\t\t\t<div class=\"elementor-widget-container\">\n\t\t\t<h2 class=\"elementor-heading-title elementor-size-default\">Hallo, ich bin Anja (wt)<\/h2>\t\t<\/div>\n\t\t\t\t<\/div>\n\t\t\t\t\t\t<\/div>\n\t\t\t<\/div>\n\t\t<\/div>\n\t\t\t\t\t\t<\/div>\n\t\t\t<\/div>\n\t\t<\/section>\n\t\t\t\t<section data-id=\"a7bea97\" class=\"elementor-element elementor-element-a7bea97 elementor-section-boxed elementor-section-height-default elementor-section-height-default elementor-section elementor-top-section\" data-element_type=\"section\">\n\t\t\t\t\t\t<div class=\"elementor-container elementor-column-gap-default\">\n\t\t\t\t<div class=\"elementor-row\">\n\t\t\t\t<div data-id=\"bd7f52d\" class=\"elementor-element elementor-element-bd7f52d elementor-column elementor-col-100 elementor-top-column\" data-element_type=\"column\">\n\t\t\t<div class=\"elementor-column-wrap  elementor-element-populated\">\n\t\t\t\t\t<div class=\"elementor-widget-wrap\">\n\t\t\t\t<div data-id=\"a53766e\" class=\"elementor-element elementor-element-a53766e elementor-widget elementor-widget-text-editor\" data-element_type=\"text-editor.default\">\n\t\t\t\t<div class=\"elementor-widget-container\">\n\t\t\t\t\t<div class=\"elementor-text-editor elementor-clearfix\"><p>Diese Seite dient dazu Vertrauen zu schaffen indem die Leute erfahren, wer du bist, dass du Hunde schon immer leidenschaftlich mochtest, aber auch, dass du eine fundierte Ausbildung hast f\u00fcr das was du machst. Hier w\u00e4re auch der Platz um ein Ausbildungszertifikat zu zeigen.<\/p><p>Du k\u00f6nntest hier auch erz\u00e4hlen, dass du vorhast Events zu veranstalten wo man Hundekekse b\u00e4ckt oder so.<\/p><\/div>\n\t\t\t\t<\/div>\n\t\t\t\t<\/div>\n\t\t\t\t\t\t<\/div>\n\t\t\t<\/div>\n\t\t<\/div>\n\t\t\t\t\t\t<\/div>\n\t\t\t<\/div>\n\t\t<\/section>\n\t\t\t\t\t\t<\/div>\n\t\t\t<\/div>\n\t\t<\/div>\n\t\t","protected":false},"excerpt":{"rendered":"<p>Hallo, ich bin Anja (wt) Diese Seite dient dazu Vertrauen zu schaffen indem die Leute erfahren, wer du bist, dass du Hunde schon immer leidenschaftlich mochtest, aber auch, dass du eine fundierte Ausbildung hast f\u00fcr das was du machst. Hier w\u00e4re auch der Platz um ein Ausbildungszertifikat zu zeigen. Du k\u00f6nntest hier auch erz\u00e4hlen, dass &hellip; <\/p>\n<p class=\"link-more\"><a href=\"https:\/\/belladogs.de\/wordpress\/inhaberin\/\" class=\"more-link\"><span class=\"screen-reader-text\">\u201eInhaberin\u201c<\/span> weiterlesen<\/a><\/p>\n","protected":false},"author":2,"featured_media":0,"parent":0,"menu_order":3,"comment_status":"closed","ping_status":"closed","template":"","meta":[],"_links":{"self":[{"href":"https:\/\/belladogs.de\/wordpress\/wp-json\/wp\/v2\/pages\/18"}],"collection":[{"href":"https:\/\/belladogs.de\/wordpress\/wp-json\/wp\/v2\/pages"}],"about":[{"href":"https:\/\/belladogs.de\/wordpress\/wp-json\/wp\/v2\/types\/page"}],"author":[{"embeddable":true,"href":"https:\/\/belladogs.de\/wordpress\/wp-json\/wp\/v2\/users\/2"}],"replies":[{"embeddable":true,"href":"https:\/\/belladogs.de\/wordpress\/wp-json\/wp\/v2\/comments?post=18"}],"version-history":[{"count":8,"href":"https:\/\/belladogs.de\/wordpress\/wp-json\/wp\/v2\/pages\/18\/revisions"}],"predecessor-version":[{"id":498,"href":"https:\/\/belladogs.de\/wordpress\/wp-json\/wp\/v2\/pages\/18\/revisions\/498"}],"wp:attachment":[{"href":"https:\/\/belladogs.de\/wordpress\/wp-json\/wp\/v2\/media?parent=18"}],"curies":[{"name":"wp","href":"https:\/\/api.w.org\/{rel}","templated":true}]}}