{"id":42,"date":"2018-08-21T13:13:16","date_gmt":"2018-08-21T11:13:16","guid":{"rendered":"http:\/\/belladogs.de\/wordpress\/?page_id=42"},"modified":"2026-03-23T15:19:53","modified_gmt":"2026-03-23T14:19:53","slug":"agb","status":"publish","type":"page","link":"https:\/\/belladogs.de\/wordpress\/agb\/","title":{"rendered":"AGB"},"content":{"rendered":"\t\t<div data-elementor-type=\"post\" data-elementor-id=\"42\" class=\"elementor elementor-42\" data-elementor-settings=\"[]\">\n\t\t\t<div class=\"elementor-inner\">\n\t\t\t\t<div class=\"elementor-section-wrap\">\n\t\t\t\t\t\t\t<section data-id=\"2d0dbaa\" class=\"elementor-element elementor-element-2d0dbaa elementor-section-boxed elementor-section-height-default elementor-section-height-default elementor-section elementor-top-section\" data-element_type=\"section\">\n\t\t\t\t\t\t<div class=\"elementor-container elementor-column-gap-default\">\n\t\t\t\t<div class=\"elementor-row\">\n\t\t\t\t<div data-id=\"ad25835\" class=\"elementor-element elementor-element-ad25835 elementor-column elementor-col-100 elementor-top-column\" data-element_type=\"column\">\n\t\t\t<div class=\"elementor-column-wrap  elementor-element-populated\">\n\t\t\t\t\t<div class=\"elementor-widget-wrap\">\n\t\t\t\t<div data-id=\"458f883\" class=\"elementor-element elementor-element-458f883 bd-legalContent elementor-widget elementor-widget-text-editor\" data-element_type=\"text-editor.default\">\n\t\t\t\t<div class=\"elementor-widget-container\">\n\t\t\t\t\t<div class=\"elementor-text-editor elementor-clearfix\"><section><h2>1 ) Angebote \/ Vertr\u00e4ge<\/h2><div><p>Unsere Angebote sind freibleibend und gelten bis zum angegebenen Zeitpunkt.<\/p><p>Es gelten die festgelegten und ausliegenden Preise f\u00fcr die Hundepflege, die sich je nach einzelnen Pflegeaufwand nach oben oder unten bewegen k\u00f6nnen.<\/p><p>F\u00fcr den Verkauf gelten unsere Auszeichnungspreise.<\/p><p>Ich behalte mir ausdr\u00fccklich vor, Teile der Seiten oder das gesamte Angebot ohne gesonderte Ank\u00fcndigung zu ver\u00e4ndern, zu erg\u00e4nzen, zu l\u00f6schen oder die Ver\u00f6ffentlichung zeitweise oder endg\u00fcltig einzustellen.<\/p><\/div><\/section><section><h2>2) Urheberrecht<\/h2><div><p>Das Copyright f\u00fcr ver\u00f6ffentlichte, vom mir selbst erstellte Objekte bleibt allein beim Autor der Seiten. Eine Vervielf\u00e4ltigung oder Verwendung solcher Grafiken und Texte in anderen elektronischen oder gedruckten Publikationen ist ohne ausdr\u00fcckliche Zustimmung des Autors nicht gestattet.<\/p><\/div><\/section><section><h2>3) Zus\u00e4tzliche Vereinbarung<\/h2><div><p>Es wird nur nach Terminvereinbarung gearbeitet. Sollte der Kunde verhindert sein, wird gebeten den Termin rechtzeitig (mind. 48h vorher werktags innerhalb der \u00d6ffnungszeiten) abzusagen. Wird ein Termin nicht abgesagt, behalte ich mir vor eine Ausfallentsch\u00e4digung in H\u00f6he von 90% des Grundpreises des Termins zu berechnen.<\/p><p>Der Hundesalon stellt ggf. die Fotos einiger Tierkunden ins Internet auf die eigene Homepage. Sollte der Tierhalter damit nicht einverstanden sein, informiert er die Inhaberin, damit diese Fotos umgehend wieder aus der Homepage entfernt werden k\u00f6nnen.<\/p><\/div><\/section><section><h2>4) Datenschutz<\/h2><div><p>Die Daten f\u00fcr unsere Karteikartenerfassung werden vertraulich behandelt. Mit den erhobenen, Personen- und sachbezogenen Daten in die Kundendatei vom Hundesalon Bella Dogs erkl\u00e4rt sich der Auftraggeber einverstanden. Diese Daten werden nur intern genutzt und nicht an Dritte weitergegeben. Dies kann jedoch nicht f\u00fcr die im Notfall erforderliche Einschaltung eines Tierarztes gelten.<\/p><\/div><\/section><\/div>\n\t\t\t\t<\/div>\n\t\t\t\t<\/div>\n\t\t\t\t\t\t<\/div>\n\t\t\t<\/div>\n\t\t<\/div>\n\t\t\t\t\t\t<\/div>\n\t\t\t<\/div>\n\t\t<\/section>\n\t\t\t\t\t\t<\/div>\n\t\t\t<\/div>\n\t\t<\/div>\n\t\t","protected":false},"excerpt":{"rendered":"<p>1 ) Angebote \/ Vertr\u00e4ge Unsere Angebote sind freibleibend und gelten bis zum angegebenen Zeitpunkt. Es gelten die festgelegten und ausliegenden Preise f\u00fcr die Hundepflege, die sich je nach einzelnen Pflegeaufwand nach oben oder unten bewegen k\u00f6nnen. F\u00fcr den Verkauf gelten unsere Auszeichnungspreise. Ich behalte mir ausdr\u00fccklich vor, Teile der Seiten oder das gesamte Angebot &hellip; <\/p>\n<p class=\"link-more\"><a href=\"https:\/\/belladogs.de\/wordpress\/agb\/\" class=\"more-link\"><span class=\"screen-reader-text\">\u201eAGB\u201c<\/span> weiterlesen<\/a><\/p>\n","protected":false},"author":2,"featured_media":0,"parent":0,"menu_order":7,"comment_status":"closed","ping_status":"closed","template":"","meta":[],"_links":{"self":[{"href":"https:\/\/belladogs.de\/wordpress\/wp-json\/wp\/v2\/pages\/42"}],"collection":[{"href":"https:\/\/belladogs.de\/wordpress\/wp-json\/wp\/v2\/pages"}],"about":[{"href":"https:\/\/belladogs.de\/wordpress\/wp-json\/wp\/v2\/types\/page"}],"author":[{"embeddable":true,"href":"https:\/\/belladogs.de\/wordpress\/wp-json\/wp\/v2\/users\/2"}],"replies":[{"embeddable":true,"href":"https:\/\/belladogs.de\/wordpress\/wp-json\/wp\/v2\/comments?post=42"}],"version-history":[{"count":17,"href":"https:\/\/belladogs.de\/wordpress\/wp-json\/wp\/v2\/pages\/42\/revisions"}],"predecessor-version":[{"id":491,"href":"https:\/\/belladogs.de\/wordpress\/wp-json\/wp\/v2\/pages\/42\/revisions\/491"}],"wp:attachment":[{"href":"https:\/\/belladogs.de\/wordpress\/wp-json\/wp\/v2\/media?parent=42"}],"curies":[{"name":"wp","href":"https:\/\/api.w.org\/{rel}","templated":true}]}}