{"id":52,"date":"2018-08-24T10:50:25","date_gmt":"2018-08-24T08:50:25","guid":{"rendered":"http:\/\/belladogs.de\/wordpress\/?page_id=52"},"modified":"2019-05-19T05:25:31","modified_gmt":"2019-05-19T03:25:31","slug":"preise","status":"publish","type":"page","link":"https:\/\/belladogs.de\/wordpress\/preise\/","title":{"rendered":"Preise"},"content":{"rendered":"\t\t<div data-elementor-type=\"post\" data-elementor-id=\"52\" class=\"elementor elementor-52\" data-elementor-settings=\"[]\">\n\t\t\t<div class=\"elementor-inner\">\n\t\t\t\t<div class=\"elementor-section-wrap\">\n\t\t\t\t\t\t\t<section data-id=\"fa25fad\" class=\"elementor-element elementor-element-fa25fad elementor-section-boxed elementor-section-height-default elementor-section-height-default elementor-section elementor-top-section\" data-element_type=\"section\">\n\t\t\t\t\t\t<div class=\"elementor-container elementor-column-gap-default\">\n\t\t\t\t<div class=\"elementor-row\">\n\t\t\t\t<div data-id=\"3d783bc\" class=\"elementor-element elementor-element-3d783bc elementor-column elementor-col-100 elementor-top-column\" data-element_type=\"column\">\n\t\t\t<div class=\"elementor-column-wrap  elementor-element-populated\">\n\t\t\t\t\t<div class=\"elementor-widget-wrap\">\n\t\t\t\t<div data-id=\"6289494\" class=\"elementor-element elementor-element-6289494 elementor-widget elementor-widget-text-editor\" data-element_type=\"text-editor.default\">\n\t\t\t\t<div class=\"elementor-widget-container\">\n\t\t\t\t\t<div class=\"elementor-text-editor elementor-clearfix\"><p>Bitte haben Sie Verst\u00e4ndnis daf\u00fcr, dass ich auf meiner Webseite keine Preise auff\u00fchren kann. So individuell wie ihr Vierbeiner sind auch die Preise. Nicht nur die Gr\u00f6\u00dfe macht&#8217;s.<\/p><\/div>\n\t\t\t\t<\/div>\n\t\t\t\t<\/div>\n\t\t\t\t\t\t<\/div>\n\t\t\t<\/div>\n\t\t<\/div>\n\t\t\t\t\t\t<\/div>\n\t\t\t<\/div>\n\t\t<\/section>\n\t\t\t\t<section data-id=\"dbb43b2\" class=\"elementor-element elementor-element-dbb43b2 elementor-section-boxed elementor-section-height-default elementor-section-height-default elementor-section elementor-top-section\" data-element_type=\"section\">\n\t\t\t\t\t\t<div class=\"elementor-container elementor-column-gap-default\">\n\t\t\t\t<div class=\"elementor-row\">\n\t\t\t\t<div data-id=\"ad49161\" class=\"elementor-element elementor-element-ad49161 elementor-column elementor-col-100 elementor-top-column\" data-element_type=\"column\">\n\t\t\t<div class=\"elementor-column-wrap  elementor-element-populated\">\n\t\t\t\t\t<div class=\"elementor-widget-wrap\">\n\t\t\t\t<div data-id=\"760de09\" class=\"elementor-element elementor-element-760de09 bd-lineList bd-note elementor-widget elementor-widget-text-editor\" data-element_type=\"text-editor.default\">\n\t\t\t\t<div class=\"elementor-widget-container\">\n\t\t\t\t\t<div class=\"elementor-text-editor elementor-clearfix\"><h3>Ausschlaggebend f\u00fcr die Preisgestaltung sind Kriterien wie:<\/h3><ul><li>Pflegezustand des Fells (gut gek\u00e4mmt ohne Knoten \u2013 verfilzt)<\/li><li>Ben\u00f6tigtes Material<\/li><li>Gew\u00fcnschte oder notwendige Behandlung<\/li><li>L\u00e4nge und Dichte des Fells<\/li><li>Zeitaufwand<\/li><li>H\u00e4ufigkeit des Besuchs<\/li><li>Verhalten des Hundes<\/li><\/ul><\/div>\n\t\t\t\t<\/div>\n\t\t\t\t<\/div>\n\t\t\t\t\t\t<\/div>\n\t\t\t<\/div>\n\t\t<\/div>\n\t\t\t\t\t\t<\/div>\n\t\t\t<\/div>\n\t\t<\/section>\n\t\t\t\t<section data-id=\"411867b\" class=\"elementor-element elementor-element-411867b elementor-section-boxed elementor-section-height-default elementor-section-height-default elementor-section elementor-top-section\" data-element_type=\"section\">\n\t\t\t\t\t\t<div class=\"elementor-container elementor-column-gap-default\">\n\t\t\t\t<div class=\"elementor-row\">\n\t\t\t\t<div data-id=\"5bcc33f\" class=\"elementor-element elementor-element-5bcc33f elementor-column elementor-col-100 elementor-top-column\" data-element_type=\"column\">\n\t\t\t<div class=\"elementor-column-wrap  elementor-element-populated\">\n\t\t\t\t\t<div class=\"elementor-widget-wrap\">\n\t\t\t\t<div data-id=\"683fe8e\" class=\"elementor-element elementor-element-683fe8e elementor-widget elementor-widget-text-editor\" data-element_type=\"text-editor.default\">\n\t\t\t\t<div class=\"elementor-widget-container\">\n\t\t\t\t\t<div class=\"elementor-text-editor elementor-clearfix\"><p>Sobald Sie mit Ihrem Vierbeiner im Salon sind, kann ich den Aufwand konkret einsch\u00e4tzen und Ihnen den Preis nennen bevor ich loslege. Auf Anfrage gebe ich Preisausk\u00fcnfte auch per Telefon. Dies setzt nat\u00fcrlich voraus, dass der Hund in einem guten Pflegezustand ist.<\/p><\/div>\n\t\t\t\t<\/div>\n\t\t\t\t<\/div>\n\t\t\t\t\t\t<\/div>\n\t\t\t<\/div>\n\t\t<\/div>\n\t\t\t\t\t\t<\/div>\n\t\t\t<\/div>\n\t\t<\/section>\n\t\t\t\t\t\t<\/div>\n\t\t\t<\/div>\n\t\t<\/div>\n\t\t","protected":false},"excerpt":{"rendered":"<p>Bitte haben Sie Verst\u00e4ndnis daf\u00fcr, dass ich auf meiner Webseite keine Preise auff\u00fchren kann. So individuell wie ihr Vierbeiner sind auch die Preise. Nicht nur die Gr\u00f6\u00dfe macht&#8217;s. Ausschlaggebend f\u00fcr die Preisgestaltung sind Kriterien wie: Pflegezustand des Fells (gut gek\u00e4mmt ohne Knoten \u2013 verfilzt) Ben\u00f6tigtes Material Gew\u00fcnschte oder notwendige Behandlung L\u00e4nge und Dichte des Fells &hellip; <\/p>\n<p class=\"link-more\"><a href=\"https:\/\/belladogs.de\/wordpress\/preise\/\" class=\"more-link\"><span class=\"screen-reader-text\">\u201ePreise\u201c<\/span> weiterlesen<\/a><\/p>\n","protected":false},"author":2,"featured_media":0,"parent":0,"menu_order":4,"comment_status":"closed","ping_status":"closed","template":"","meta":[],"_links":{"self":[{"href":"https:\/\/belladogs.de\/wordpress\/wp-json\/wp\/v2\/pages\/52"}],"collection":[{"href":"https:\/\/belladogs.de\/wordpress\/wp-json\/wp\/v2\/pages"}],"about":[{"href":"https:\/\/belladogs.de\/wordpress\/wp-json\/wp\/v2\/types\/page"}],"author":[{"embeddable":true,"href":"https:\/\/belladogs.de\/wordpress\/wp-json\/wp\/v2\/users\/2"}],"replies":[{"embeddable":true,"href":"https:\/\/belladogs.de\/wordpress\/wp-json\/wp\/v2\/comments?post=52"}],"version-history":[{"count":16,"href":"https:\/\/belladogs.de\/wordpress\/wp-json\/wp\/v2\/pages\/52\/revisions"}],"predecessor-version":[{"id":310,"href":"https:\/\/belladogs.de\/wordpress\/wp-json\/wp\/v2\/pages\/52\/revisions\/310"}],"wp:attachment":[{"href":"https:\/\/belladogs.de\/wordpress\/wp-json\/wp\/v2\/media?parent=52"}],"curies":[{"name":"wp","href":"https:\/\/api.w.org\/{rel}","templated":true}]}}